{"id":65,"date":"2024-09-24T16:42:44","date_gmt":"2024-09-24T16:42:44","guid":{"rendered":"https:\/\/ciroandjesse.com\/?page_id=65"},"modified":"2024-09-25T13:08:53","modified_gmt":"2024-09-25T13:08:53","slug":"save-the-date","status":"publish","type":"page","link":"https:\/\/ciroandjesse.com\/fr_ca\/","title":{"rendered":"Ciro and Jesse"},"content":{"rendered":"<div class=\"wp-block-columns is-layout-flex wp-container-core-columns-is-layout-28f84493 wp-block-columns-is-layout-flex\">\n<div class=\"wp-block-column is-vertically-aligned-center is-layout-flow wp-block-column-is-layout-flow\">\n<figure class=\"wp-block-image size-large\"><img fetchpriority=\"high\" decoding=\"async\" width=\"683\" height=\"1024\" src=\"https:\/\/ciroandjesse.com\/wp-content\/uploads\/2024\/09\/CJ-Photo-3-683x1024.jpeg\" alt=\"\" class=\"wp-image-34\" srcset=\"https:\/\/ciroandjesse.com\/wp-content\/uploads\/2024\/09\/CJ-Photo-3-683x1024.jpeg 683w, https:\/\/ciroandjesse.com\/wp-content\/uploads\/2024\/09\/CJ-Photo-3-200x300.jpeg 200w, https:\/\/ciroandjesse.com\/wp-content\/uploads\/2024\/09\/CJ-Photo-3-768x1152.jpeg 768w, https:\/\/ciroandjesse.com\/wp-content\/uploads\/2024\/09\/CJ-Photo-3-1024x1536.jpeg 1024w, https:\/\/ciroandjesse.com\/wp-content\/uploads\/2024\/09\/CJ-Photo-3-1365x2048.jpeg 1365w, https:\/\/ciroandjesse.com\/wp-content\/uploads\/2024\/09\/CJ-Photo-3-scaled.jpeg 1707w\" sizes=\"(max-width: 683px) 100vw, 683px\" \/><\/figure>\n<\/div>\n\n\n\n<div class=\"wp-block-column is-vertically-aligned-center is-layout-flow wp-block-column-is-layout-flow\">\n<h2 class=\"wp-block-heading has-text-color has-link-color wp-elements-c4906c31102752fa0a92296680f80c3e\" style=\"color:#9b72aa\">Faites-nous savoir si vous vous joindrez \u00e0 nous.<\/h2>\n\n\n\n<p class=\"has-medium-font-size\">Notre c\u00e9l\u00e9bration de mariage aura lieu le 19 juillet 2025.<\/p>\n\n\n\n<div class=\"wp-block-buttons alignwide is-horizontal is-content-justification-center is-layout-flex wp-container-core-buttons-is-layout-03627597 wp-block-buttons-is-layout-flex\">\n<div class=\"wp-block-button is-style-fill\" id=\"form\"><a class=\"wp-block-button__link has-background wp-element-button\" href=\"https:\/\/ciroandjesse.com\/fr_ca\/will-you-make-it-let-us-know\/\" style=\"background-color:#008080\">RSVP<\/a><\/div>\n<\/div>\n<\/div>\n<\/div>\n\n\n\n<hr class=\"wp-block-coblocks-dynamic-separator has-background\" style=\"color:#6a0dad;height:50px\"\/>\n\n\n\n<h2 class=\"wp-block-heading has-text-color has-link-color wp-elements-f4c67e98a5c787145092b63e6c3f3db1\" style=\"color:#9b72aa\">Nous sommes heureux de c\u00e9l\u00e9brer notre amour avec vous.<\/h2>\n\n\n\n<figure class=\"wp-block-coblocks-gallery-masonry masonry-grid has-medium-gutter\">\n<figure class=\"wp-block-image size-large masonry-brick\"><img decoding=\"async\" width=\"1200\" height=\"1600\" src=\"https:\/\/ciroandjesse.com\/wp-content\/uploads\/2024\/09\/CJ-Photo-Party.jpeg\" alt=\"Image gallery image\" class=\"wp-image-41\" srcset=\"https:\/\/ciroandjesse.com\/wp-content\/uploads\/2024\/09\/CJ-Photo-Party.jpeg 1200w, https:\/\/ciroandjesse.com\/wp-content\/uploads\/2024\/09\/CJ-Photo-Party-225x300.jpeg 225w, https:\/\/ciroandjesse.com\/wp-content\/uploads\/2024\/09\/CJ-Photo-Party-768x1024.jpeg 768w, https:\/\/ciroandjesse.com\/wp-content\/uploads\/2024\/09\/CJ-Photo-Party-1152x1536.jpeg 1152w\" sizes=\"(max-width: 1200px) 100vw, 1200px\" \/><\/figure>\n\n\n\n<figure class=\"wp-block-image size-large masonry-brick\"><img decoding=\"async\" width=\"1707\" height=\"2560\" src=\"https:\/\/ciroandjesse.com\/wp-content\/uploads\/2024\/09\/CJ-Photo-2-scaled.jpeg\" alt=\"Image gallery image\" class=\"wp-image-33\" srcset=\"https:\/\/ciroandjesse.com\/wp-content\/uploads\/2024\/09\/CJ-Photo-2-scaled.jpeg 1707w, https:\/\/ciroandjesse.com\/wp-content\/uploads\/2024\/09\/CJ-Photo-2-200x300.jpeg 200w, https:\/\/ciroandjesse.com\/wp-content\/uploads\/2024\/09\/CJ-Photo-2-683x1024.jpeg 683w, https:\/\/ciroandjesse.com\/wp-content\/uploads\/2024\/09\/CJ-Photo-2-768x1152.jpeg 768w, https:\/\/ciroandjesse.com\/wp-content\/uploads\/2024\/09\/CJ-Photo-2-1024x1536.jpeg 1024w, https:\/\/ciroandjesse.com\/wp-content\/uploads\/2024\/09\/CJ-Photo-2-1365x2048.jpeg 1365w\" sizes=\"(max-width: 1707px) 100vw, 1707px\" \/><\/figure>\n\n\n\n<figure class=\"wp-block-image size-large masonry-brick\"><img loading=\"lazy\" decoding=\"async\" width=\"2560\" height=\"1920\" src=\"https:\/\/ciroandjesse.com\/wp-content\/uploads\/2024\/09\/CJ-Photo-Winter-QC-scaled.jpg\" alt=\"Image gallery image\" class=\"wp-image-30\" srcset=\"https:\/\/ciroandjesse.com\/wp-content\/uploads\/2024\/09\/CJ-Photo-Winter-QC-scaled.jpg 2560w, https:\/\/ciroandjesse.com\/wp-content\/uploads\/2024\/09\/CJ-Photo-Winter-QC-300x225.jpg 300w, https:\/\/ciroandjesse.com\/wp-content\/uploads\/2024\/09\/CJ-Photo-Winter-QC-1024x768.jpg 1024w, https:\/\/ciroandjesse.com\/wp-content\/uploads\/2024\/09\/CJ-Photo-Winter-QC-768x576.jpg 768w, https:\/\/ciroandjesse.com\/wp-content\/uploads\/2024\/09\/CJ-Photo-Winter-QC-1536x1152.jpg 1536w, https:\/\/ciroandjesse.com\/wp-content\/uploads\/2024\/09\/CJ-Photo-Winter-QC-2048x1536.jpg 2048w\" sizes=\"(max-width: 2560px) 100vw, 2560px\" \/><\/figure>\n\n\n\n<figure class=\"wp-block-image size-large masonry-brick\"><img loading=\"lazy\" decoding=\"async\" width=\"2560\" height=\"1442\" src=\"https:\/\/ciroandjesse.com\/wp-content\/uploads\/2024\/09\/CJ-Photo-Ciro-Birthday-scaled.jpg\" alt=\"Image gallery image\" class=\"wp-image-29\" srcset=\"https:\/\/ciroandjesse.com\/wp-content\/uploads\/2024\/09\/CJ-Photo-Ciro-Birthday-scaled.jpg 2560w, https:\/\/ciroandjesse.com\/wp-content\/uploads\/2024\/09\/CJ-Photo-Ciro-Birthday-300x169.jpg 300w, https:\/\/ciroandjesse.com\/wp-content\/uploads\/2024\/09\/CJ-Photo-Ciro-Birthday-1024x577.jpg 1024w, https:\/\/ciroandjesse.com\/wp-content\/uploads\/2024\/09\/CJ-Photo-Ciro-Birthday-768x432.jpg 768w, https:\/\/ciroandjesse.com\/wp-content\/uploads\/2024\/09\/CJ-Photo-Ciro-Birthday-1536x865.jpg 1536w, https:\/\/ciroandjesse.com\/wp-content\/uploads\/2024\/09\/CJ-Photo-Ciro-Birthday-2048x1153.jpg 2048w\" sizes=\"(max-width: 2560px) 100vw, 2560px\" \/><\/figure>\n\n\n\n<figure class=\"wp-block-image size-large masonry-brick\"><img loading=\"lazy\" decoding=\"async\" width=\"1707\" height=\"2560\" src=\"https:\/\/ciroandjesse.com\/wp-content\/uploads\/2024\/09\/CJ-Photo-NYC1-scaled.jpeg\" alt=\"Image gallery image\" class=\"wp-image-110\" srcset=\"https:\/\/ciroandjesse.com\/wp-content\/uploads\/2024\/09\/CJ-Photo-NYC1-scaled.jpeg 1707w, https:\/\/ciroandjesse.com\/wp-content\/uploads\/2024\/09\/CJ-Photo-NYC1-200x300.jpeg 200w, https:\/\/ciroandjesse.com\/wp-content\/uploads\/2024\/09\/CJ-Photo-NYC1-683x1024.jpeg 683w, https:\/\/ciroandjesse.com\/wp-content\/uploads\/2024\/09\/CJ-Photo-NYC1-768x1152.jpeg 768w, https:\/\/ciroandjesse.com\/wp-content\/uploads\/2024\/09\/CJ-Photo-NYC1-1024x1536.jpeg 1024w, https:\/\/ciroandjesse.com\/wp-content\/uploads\/2024\/09\/CJ-Photo-NYC1-1365x2048.jpeg 1365w, https:\/\/ciroandjesse.com\/wp-content\/uploads\/2024\/09\/CJ-Photo-NYC1-8x12.jpeg 8w\" sizes=\"(max-width: 1707px) 100vw, 1707px\" \/><\/figure>\n\n\n\n<figure class=\"wp-block-image size-large masonry-brick\"><img loading=\"lazy\" decoding=\"async\" width=\"1200\" height=\"1600\" src=\"https:\/\/ciroandjesse.com\/wp-content\/uploads\/2024\/09\/CJ-Photo-Couple.jpg\" alt=\"Image gallery image\" class=\"wp-image-28\" srcset=\"https:\/\/ciroandjesse.com\/wp-content\/uploads\/2024\/09\/CJ-Photo-Couple.jpg 1200w, https:\/\/ciroandjesse.com\/wp-content\/uploads\/2024\/09\/CJ-Photo-Couple-225x300.jpg 225w, https:\/\/ciroandjesse.com\/wp-content\/uploads\/2024\/09\/CJ-Photo-Couple-768x1024.jpg 768w, https:\/\/ciroandjesse.com\/wp-content\/uploads\/2024\/09\/CJ-Photo-Couple-1152x1536.jpg 1152w\" sizes=\"(max-width: 1200px) 100vw, 1200px\" \/><\/figure>\n\n\n\n<figure class=\"wp-block-image size-large masonry-brick\"><img loading=\"lazy\" decoding=\"async\" width=\"2560\" height=\"1707\" src=\"https:\/\/ciroandjesse.com\/wp-content\/uploads\/2024\/09\/CJ-Photo-4-scaled.jpeg\" alt=\"Image gallery image\" class=\"wp-image-35\" srcset=\"https:\/\/ciroandjesse.com\/wp-content\/uploads\/2024\/09\/CJ-Photo-4-scaled.jpeg 2560w, https:\/\/ciroandjesse.com\/wp-content\/uploads\/2024\/09\/CJ-Photo-4-300x200.jpeg 300w, https:\/\/ciroandjesse.com\/wp-content\/uploads\/2024\/09\/CJ-Photo-4-1024x683.jpeg 1024w, https:\/\/ciroandjesse.com\/wp-content\/uploads\/2024\/09\/CJ-Photo-4-768x512.jpeg 768w, https:\/\/ciroandjesse.com\/wp-content\/uploads\/2024\/09\/CJ-Photo-4-1536x1024.jpeg 1536w, https:\/\/ciroandjesse.com\/wp-content\/uploads\/2024\/09\/CJ-Photo-4-2048x1365.jpeg 2048w\" sizes=\"(max-width: 2560px) 100vw, 2560px\" \/><\/figure>\n\n\n\n<figure class=\"wp-block-image size-large masonry-brick\"><img loading=\"lazy\" decoding=\"async\" width=\"2560\" height=\"1707\" src=\"https:\/\/ciroandjesse.com\/wp-content\/uploads\/2024\/09\/CJ-Photo-6-scaled.jpeg\" alt=\"Image gallery image\" class=\"wp-image-37\" srcset=\"https:\/\/ciroandjesse.com\/wp-content\/uploads\/2024\/09\/CJ-Photo-6-scaled.jpeg 2560w, https:\/\/ciroandjesse.com\/wp-content\/uploads\/2024\/09\/CJ-Photo-6-300x200.jpeg 300w, https:\/\/ciroandjesse.com\/wp-content\/uploads\/2024\/09\/CJ-Photo-6-1024x683.jpeg 1024w, https:\/\/ciroandjesse.com\/wp-content\/uploads\/2024\/09\/CJ-Photo-6-768x512.jpeg 768w, https:\/\/ciroandjesse.com\/wp-content\/uploads\/2024\/09\/CJ-Photo-6-1536x1024.jpeg 1536w, https:\/\/ciroandjesse.com\/wp-content\/uploads\/2024\/09\/CJ-Photo-6-2048x1365.jpeg 2048w\" sizes=\"(max-width: 2560px) 100vw, 2560px\" \/><\/figure>\n<\/figure>\n\n\n\n<hr class=\"wp-block-coblocks-dynamic-separator has-background\" style=\"color:#6a0dad;height:50px\"\/>\n\n\n\n<div class=\"wp-block-columns is-layout-flex wp-container-core-columns-is-layout-28f84493 wp-block-columns-is-layout-flex\">\n<div class=\"wp-block-column is-layout-flow wp-block-column-is-layout-flow\">\n<h2 class=\"wp-block-heading has-text-color has-link-color wp-elements-351016cdaac524e514ddab37398d55ee\" style=\"color:#9b72aa\">Quand<\/h2>\n\n\n\n<p class=\"has-medium-font-size\">Samedi 19 juillet 2025<\/p>\n<\/div>\n\n\n\n<div class=\"wp-block-column is-layout-flow wp-block-column-is-layout-flow\">\n<h2 class=\"wp-block-heading has-text-color has-link-color wp-elements-ea97795e96da96124c67e7222b23b90e\" style=\"color:#9b72aa\">O\u00f9<\/h2>\n\n\n\n<p class=\"has-medium-font-size\">Au vignoble Konzelmann \u00e0 Niagara-on-the-Lake, ON<\/p>\n<\/div>\n<\/div>\n\n\n\n<hr class=\"wp-block-coblocks-dynamic-separator has-background\" style=\"color:#6a0dad;height:50px\"\/>\n\n\n\n<h2 class=\"wp-block-heading has-text-color has-link-color wp-elements-a9cb939b3cf00768ffbb213ac8e14cb3\" style=\"color:#9b72aa\">Le lieu est situ\u00e9 \u00e0 Niagara-on-the-Lake.<\/h2>\n\n\n\n<div style=\"min-height:450px\" data-map-attr=\"\/qaddress\/q:\/qKonzelmann Winery\/q||\/qlat\/q:\/qundefined\/q||\/qlng\/q:\/qundefined\/q||\/qskin\/q:\/qstandard\/q||\/qzoom\/q:\/q10\/q||\/qiconSize\/q:\/q36\/q||\/qmapTypeControl\/q:\/qtrue\/q||\/qzoomControl\/q:\/qtrue\/q||\/qstreetViewControl\/q:\/qtrue\/q||\/qfullscreenControl\/q:\/qtrue\/q\" class=\"wp-block-coblocks-map alignfull\"><iframe title=\"Google Map\" frameborder=\"0\" style=\"width:100%;min-height:450px\" src=\"https:\/\/www.google.com\/maps?q=Konzelmann%20Winery&amp;output=embed&amp;hl=en-CA&amp;z=10\"><\/iframe><\/div>\n\n\n\n<hr class=\"wp-block-coblocks-dynamic-separator has-background\" style=\"color:#6a0dad;height:50px\"\/>\n\n\n\n<h2 class=\"wp-block-heading has-text-color has-link-color wp-elements-53de79e53c01c5b197c713fc159e4589\" style=\"color:#9b72aa\">Informations suppl\u00e9mentaires<\/h2>\n\n\n\n<div class=\"wp-block-columns is-layout-flex wp-container-core-columns-is-layout-28f84493 wp-block-columns-is-layout-flex\">\n<div class=\"wp-block-column is-layout-flow wp-block-column-is-layout-flow\">\n<figure class=\"wp-block-image size-thumbnail is-style-default\"><img loading=\"lazy\" decoding=\"async\" width=\"150\" height=\"150\" src=\"https:\/\/ciroandjesse.com\/wp-content\/uploads\/2024\/09\/passport-150x150.png\" alt=\"\" class=\"wp-image-74\" srcset=\"https:\/\/ciroandjesse.com\/wp-content\/uploads\/2024\/09\/passport-150x150.png 150w, https:\/\/ciroandjesse.com\/wp-content\/uploads\/2024\/09\/passport.png 256w\" sizes=\"(max-width: 150px) 100vw, 150px\" \/><\/figure>\n\n\n\n<p class=\"has-medium-font-size\">Pour ceux d'entre vous qui viennent de l'\u00e9tranger, l'a\u00e9roport international le plus proche est \u00e0 Toronto. Nous allons vous envoyer des informations sur les possibilit\u00e9s d'h\u00e9bergement prochainement.<\/p>\n<\/div>\n\n\n\n<div class=\"wp-block-column is-layout-flow wp-block-column-is-layout-flow\">\n<figure class=\"wp-block-image size-thumbnail\"><img loading=\"lazy\" decoding=\"async\" width=\"150\" height=\"150\" src=\"https:\/\/ciroandjesse.com\/wp-content\/uploads\/2024\/09\/shuttle-van-150x150.png\" alt=\"\" class=\"wp-image-75\" srcset=\"https:\/\/ciroandjesse.com\/wp-content\/uploads\/2024\/09\/shuttle-van-150x150.png 150w, https:\/\/ciroandjesse.com\/wp-content\/uploads\/2024\/09\/shuttle-van.png 256w\" sizes=\"(max-width: 150px) 100vw, 150px\" \/><\/figure>\n\n\n\n<p class=\"has-medium-font-size\">Nous voulons que vous profitiez pleinement de notre f\u00eate sans vous soucier de la fa\u00e7on de rentrer chez vous en toute s\u00e9curit\u00e9. Un service de navette sera offert vers des emplacements centraux dans la r\u00e9gion de Niagara.<\/p>\n<\/div>\n<\/div>\n\n\n\n<hr class=\"wp-block-coblocks-dynamic-separator has-background\" style=\"color:#008080;height:50px\"\/>\n\n\n\n<h2 class=\"wp-block-heading has-text-color has-link-color wp-elements-7cb3380fad773ce4637817fe9ebcc10f\" style=\"color:#008080\">\u00c0 pr\u00e9parer<\/h2>\n\n\n\n<div class=\"wp-block-columns is-layout-flex wp-container-core-columns-is-layout-28f84493 wp-block-columns-is-layout-flex\">\n<div class=\"wp-block-column is-layout-flow wp-block-column-is-layout-flow\">\n<figure class=\"wp-block-image size-thumbnail is-style-default\"><img loading=\"lazy\" decoding=\"async\" width=\"150\" height=\"150\" src=\"https:\/\/ciroandjesse.com\/wp-content\/uploads\/2024\/09\/gift-box-150x150.png\" alt=\"\" class=\"wp-image-76\" srcset=\"https:\/\/ciroandjesse.com\/wp-content\/uploads\/2024\/09\/gift-box-150x150.png 150w, https:\/\/ciroandjesse.com\/wp-content\/uploads\/2024\/09\/gift-box.png 256w\" sizes=\"(max-width: 150px) 100vw, 150px\" \/><\/figure>\n\n\n\n<p class=\"has-medium-font-size\">Votre pr\u00e9sence est tout ce dont nous avons besoin, et aucun autre cadeau n'est attendu. Toutefois, nous comprenons que certains voudront peut-\u00eatre contribuer. Pour ceux qui le souhaitent, nous acceptons avec plaisir les dons mon\u00e9taires, selon le montant qui vous convient. Nous partagerons un lien de virement avec les invit\u00e9s.<\/p>\n<\/div>\n\n\n\n<div class=\"wp-block-column is-layout-flow wp-block-column-is-layout-flow\">\n<figure class=\"wp-block-image size-thumbnail\"><img loading=\"lazy\" decoding=\"async\" width=\"150\" height=\"150\" src=\"https:\/\/ciroandjesse.com\/wp-content\/uploads\/2024\/09\/clothes-1-150x150.png\" alt=\"\" class=\"wp-image-77\" srcset=\"https:\/\/ciroandjesse.com\/wp-content\/uploads\/2024\/09\/clothes-1-150x150.png 150w, https:\/\/ciroandjesse.com\/wp-content\/uploads\/2024\/09\/clothes-1.png 256w\" sizes=\"(max-width: 150px) 100vw, 150px\" \/><\/figure>\n\n\n\n<p class=\"has-medium-font-size\">Nous serons sur notre trente-et-un pour le mariage, mais sentez-vous libre de venir comme vous le souhaitez pour c\u00e9l\u00e9brer ce moment avec nous. Il n\u2019y a pas de code vestimentaire, alors aucune pression. Mais, pour ceux qui aimeraient s\u2019harmoniser, nos couleurs pour la journ\u00e9e seront le violet et le sarcelle.<\/p>\n<\/div>\n<\/div>\n\n\n\n<hr class=\"wp-block-coblocks-dynamic-separator is-style-fullwidth\" style=\"height:50px\"\/>\n\n\n\n<div class=\"wp-block-cover alignfull is-light wp-duotone-dark-grayscale\" style=\"margin-top:0;padding-top:5vw;padding-right:5vw;padding-bottom:5vw;padding-left:5vw\"><span aria-hidden=\"true\" class=\"wp-block-cover__background has-background-dim\" style=\"background-color:#9b72aa\"><\/span><img loading=\"lazy\" decoding=\"async\" width=\"1707\" height=\"2560\" class=\"wp-block-cover__image-background wp-image-99\" alt=\"\" src=\"https:\/\/ciroandjesse.com\/wp-content\/uploads\/2024\/09\/crop-0-0-1707-2560-0-CJ-Photo-1-scaled.jpeg\" data-object-fit=\"cover\" srcset=\"https:\/\/ciroandjesse.com\/wp-content\/uploads\/2024\/09\/crop-0-0-1707-2560-0-CJ-Photo-1-scaled.jpeg 1707w, https:\/\/ciroandjesse.com\/wp-content\/uploads\/2024\/09\/crop-0-0-1707-2560-0-CJ-Photo-1-scaled-200x300.jpeg 200w, https:\/\/ciroandjesse.com\/wp-content\/uploads\/2024\/09\/crop-0-0-1707-2560-0-CJ-Photo-1-scaled-683x1024.jpeg 683w, https:\/\/ciroandjesse.com\/wp-content\/uploads\/2024\/09\/crop-0-0-1707-2560-0-CJ-Photo-1-scaled-768x1152.jpeg 768w, https:\/\/ciroandjesse.com\/wp-content\/uploads\/2024\/09\/crop-0-0-1707-2560-0-CJ-Photo-1-scaled-1024x1536.jpeg 1024w, https:\/\/ciroandjesse.com\/wp-content\/uploads\/2024\/09\/crop-0-0-1707-2560-0-CJ-Photo-1-scaled-1366x2048.jpeg 1366w\" sizes=\"(max-width: 1707px) 100vw, 1707px\" \/><div class=\"wp-block-cover__inner-container is-layout-flow wp-block-cover-is-layout-flow\">\n<div class=\"wp-block-group is-layout-flex wp-container-core-group-is-layout-e4aad5c3 wp-block-group-is-layout-flex\">\n<div class=\"wp-block-group wp-container-content-9cfa9a5a is-layout-flow wp-container-core-group-is-layout-d6743c7d wp-block-group-is-layout-flow\">\n<p class=\"has-text-align-left has-white-color has-text-color\" style=\"font-size:85px;font-style:normal;font-weight:700;letter-spacing:-4px;line-height:0.9;text-transform:none\">Allez-vous \u00eatre des n\u00f4tres? <\/p>\n<\/div>\n\n\n\n<div class=\"wp-block-group wp-container-content-5b91cf2b is-vertical is-nowrap is-layout-flex wp-container-core-group-is-layout-82cc2081 wp-block-group-is-layout-flex\">\n<p class=\"has-white-color has-text-color has-link-color wp-elements-31e8a2540d581b79e9e6ab61f22b6de7\" style=\"font-size:17px;font-style:normal;font-weight:500;letter-spacing:0px;line-height:1.4;text-decoration:none;text-transform:none\">Faites-nous savoir si vous serez avec nous.<\/p>\n\n\n\n<div class=\"wp-block-buttons is-layout-flex wp-block-buttons-is-layout-flex\">\n<div class=\"wp-block-button has-custom-font-size\" style=\"font-size:20px;font-style:normal;font-weight:700;letter-spacing:0px;text-decoration:none;text-transform:none\"><a class=\"wp-block-button__link has-white-color has-text-color has-background wp-element-button\" href=\"https:\/\/ciroandjesse.com\/fr_ca\/will-you-make-it-let-us-know\/\" style=\"border-radius:0px;border-top-style:none;border-top-width:0px;border-right-style:none;border-right-width:0px;border-bottom-style:none;border-bottom-width:0px;border-left-style:none;border-left-width:0px;background-color:#008080;padding-top:24px;padding-right:36px;padding-bottom:24px;padding-left:36px\">RSVP<\/a><\/div>\n<\/div>\n<\/div>\n<\/div>\n<\/div><\/div>\n\n\n\n<p><\/p>","protected":false},"excerpt":{"rendered":"<p>This is our wedding celebration RSVP website. Please let us know if you will be joining us.<\/p>","protected":false},"author":1,"featured_media":55,"parent":0,"menu_order":0,"comment_status":"closed","ping_status":"closed","template":"","meta":{"_coblocks_attr":"","_coblocks_dimensions":"","_coblocks_responsive_height":"","_coblocks_accordion_ie_support":"","footnotes":""},"class_list":["post-65","page","type-page","status-publish","has-post-thumbnail","hentry"],"_links":{"self":[{"href":"https:\/\/ciroandjesse.com\/fr_ca\/wp-json\/wp\/v2\/pages\/65","targetHints":{"allow":["GET"]}}],"collection":[{"href":"https:\/\/ciroandjesse.com\/fr_ca\/wp-json\/wp\/v2\/pages"}],"about":[{"href":"https:\/\/ciroandjesse.com\/fr_ca\/wp-json\/wp\/v2\/types\/page"}],"author":[{"embeddable":true,"href":"https:\/\/ciroandjesse.com\/fr_ca\/wp-json\/wp\/v2\/users\/1"}],"replies":[{"embeddable":true,"href":"https:\/\/ciroandjesse.com\/fr_ca\/wp-json\/wp\/v2\/comments?post=65"}],"version-history":[{"count":5,"href":"https:\/\/ciroandjesse.com\/fr_ca\/wp-json\/wp\/v2\/pages\/65\/revisions"}],"predecessor-version":[{"id":174,"href":"https:\/\/ciroandjesse.com\/fr_ca\/wp-json\/wp\/v2\/pages\/65\/revisions\/174"}],"wp:featuredmedia":[{"embeddable":true,"href":"https:\/\/ciroandjesse.com\/fr_ca\/wp-json\/wp\/v2\/media\/55"}],"wp:attachment":[{"href":"https:\/\/ciroandjesse.com\/fr_ca\/wp-json\/wp\/v2\/media?parent=65"}],"curies":[{"name":"wp","href":"https:\/\/api.w.org\/{rel}","templated":true}]}}